{"id":5,"date":"2017-03-28T19:53:29","date_gmt":"2017-03-28T17:53:29","guid":{"rendered":"https:\/\/jirijursa.cz\/kocman2\/?page_id=5"},"modified":"2017-04-24T20:57:28","modified_gmt":"2017-04-24T18:57:28","slug":"about","status":"publish","type":"page","link":"https:\/\/www.kacenikocman.cz\/?page_id=5","title":{"rendered":"O mn\u011b"},"content":{"rendered":"<p>Jsem stromolezec s\u00a0prax\u00ed. K\u00e1c\u00edm v\u00a0bytov\u00fdch i nebytov\u00fdch z\u00e1stavb\u00e1ch, pomoc\u00ed stromolezeck\u00e9 techniky, vysokozdvihu a je\u0159\u00e1bu. Vyu\u010den v\u00a0oboru lesnictv\u00ed (Bzenec 1995). Od roku 1995 do roku 2010 jsem p\u016fsobil v\u00a0lesn\u00edm hospod\u00e1\u0159stv\u00ed jako t\u011b\u017eebn\u00ed d\u011bln\u00edk. Pozd\u011bji jsem absolvoval Mendelovu univerzitu lesnictv\u00ed v\u00a0Brn\u011b se zam\u011b\u0159en\u00ed na p\u00e9\u010di o stromy mimo les, kam se chod\u00edm nad\u00e1le vzd\u011bl\u00e1vat a informovat o nejnov\u011bj\u0161\u00edch trendech, materi\u00e1lech a dostupnostech souvisej\u00edc\u00edch s\u00a0moj\u00ed \u010dinnost\u00ed. D\u00edky mnohalet\u00fdm zku\u0161enostem V\u00e1m mohu nab\u00eddnout \u0161irok\u00fd okruh prac\u00ed se z\u00e1rukou kvality a spolehlivosti. P\u016fsob\u00edm zejm\u00e9na po cel\u00e9 ji\u017en\u00ed morav\u011b.<\/p>\n","protected":false},"excerpt":{"rendered":"<p>Jsem stromolezec s\u00a0prax\u00ed. K\u00e1c\u00edm v\u00a0bytov\u00fdch i nebytov\u00fdch z\u00e1stavb\u00e1ch, pomoc\u00ed stromolezeck\u00e9 techniky, vysokozdvihu a je\u0159\u00e1bu. Vyu\u010den v\u00a0oboru lesnictv\u00ed (Bzenec 1995). Od roku 1995 do roku 2010 jsem p\u016fsobil v\u00a0lesn\u00edm hospod\u00e1\u0159stv\u00ed jako t\u011b\u017eebn\u00ed d\u011bln\u00edk. Pozd\u011bji jsem absolvoval Mendelovu univerzitu lesnictv\u00ed v\u00a0Brn\u011b se &hellip; <a href=\"https:\/\/www.kacenikocman.cz\/?page_id=5\">Cel\u00fd p\u0159\u00edsp\u011bvek <span class=\"meta-nav\">&rarr;<\/span><\/a><\/p>\n","protected":false},"author":1,"featured_media":0,"parent":0,"menu_order":0,"comment_status":"closed","ping_status":"closed","template":"","meta":{"footnotes":""},"class_list":["post-5","page","type-page","status-publish","hentry"],"_links":{"self":[{"href":"https:\/\/www.kacenikocman.cz\/index.php?rest_route=\/wp\/v2\/pages\/5","targetHints":{"allow":["GET"]}}],"collection":[{"href":"https:\/\/www.kacenikocman.cz\/index.php?rest_route=\/wp\/v2\/pages"}],"about":[{"href":"https:\/\/www.kacenikocman.cz\/index.php?rest_route=\/wp\/v2\/types\/page"}],"author":[{"embeddable":true,"href":"https:\/\/www.kacenikocman.cz\/index.php?rest_route=\/wp\/v2\/users\/1"}],"replies":[{"embeddable":true,"href":"https:\/\/www.kacenikocman.cz\/index.php?rest_route=%2Fwp%2Fv2%2Fcomments&post=5"}],"version-history":[{"count":2,"href":"https:\/\/www.kacenikocman.cz\/index.php?rest_route=\/wp\/v2\/pages\/5\/revisions"}],"predecessor-version":[{"id":37,"href":"https:\/\/www.kacenikocman.cz\/index.php?rest_route=\/wp\/v2\/pages\/5\/revisions\/37"}],"wp:attachment":[{"href":"https:\/\/www.kacenikocman.cz\/index.php?rest_route=%2Fwp%2Fv2%2Fmedia&parent=5"}],"curies":[{"name":"wp","href":"https:\/\/api.w.org\/{rel}","templated":true}]}}