{"id":4,"date":"2017-03-28T19:53:27","date_gmt":"2017-03-28T17:53:27","guid":{"rendered":"https:\/\/jirijursa.cz\/kocman2\/?page_id=4"},"modified":"2026-01-06T19:13:33","modified_gmt":"2026-01-06T18:13:33","slug":"home","status":"publish","type":"page","link":"https:\/\/www.kacenikocman.cz\/","title":{"rendered":"\u00davod"},"content":{"rendered":"<ul>\n<li>Rizikov\u00e9 k\u00e1cen\u00ed strom\u016f (arboristika), p\u00e9\u010de o stromy.<\/li>\n<li>Rizikov\u00e9 k\u00e1cen\u00ed strom\u016f v bytov\u00fdch i nebytov\u00fdch z\u00e1stavb\u00e1ch.<\/li>\n<li>K\u00e1cen\u00ed d\u0159evin v problematick\u00fdch m\u00edstech, kter\u00e9 mohou ohrozit Va\u0161e zdrav\u00ed \u010di majetek.<\/li>\n<li>Pro\u0159ez\u00e1v\u00e1n\u00ed strom\u016f, v\u00fdsadba strom\u016f, p\u00e9\u010de o stromy rostouc\u00ed mimo les &#8211; pomoc\u00ed stromolezeck\u00e9 techniky, vysokozdvi\u017en\u00fdch plo\u0161in a je\u0159\u00e1bu.<\/li>\n<li>Likvidace n\u00e1letov\u00fdch d\u0159evin, \u0161t\u011bpkov\u00e1n\u00ed.<\/li>\n<li>Fr\u00e9zov\u00e1n\u00ed pa\u0159ez\u016f.<\/li>\n<li>Slu\u017eby pro lesn\u00ed hospod\u00e1\u0159stv\u00ed.<\/li>\n<li>P\u00e9\u010de o zele\u0148.<\/li>\n<\/ul>\n\n\n<p><iframe loading=\"lazy\" width=\"560\" height=\"315\" src=\"https:\/\/www.youtube.com\/embed\/0SrzmzvohiA?si=qilSfP3gBjQNcQy_\" title=\"YouTube video player\" frameborder=\"0\" allow=\"accelerometer; autoplay; clipboard-write; encrypted-media; gyroscope; picture-in-picture; web-share\" referrerpolicy=\"strict-origin-when-cross-origin\" allowfullscreen=\"\"><\/iframe><\/p>\n","protected":false},"excerpt":{"rendered":"<p>Rizikov\u00e9 k\u00e1cen\u00ed strom\u016f (arboristika), p\u00e9\u010de o stromy. Rizikov\u00e9 k\u00e1cen\u00ed strom\u016f v bytov\u00fdch i nebytov\u00fdch z\u00e1stavb\u00e1ch. K\u00e1cen\u00ed d\u0159evin v problematick\u00fdch m\u00edstech, kter\u00e9 mohou ohrozit Va\u0161e zdrav\u00ed \u010di majetek. Pro\u0159ez\u00e1v\u00e1n\u00ed strom\u016f, v\u00fdsadba strom\u016f, p\u00e9\u010de o stromy rostouc\u00ed mimo les &#8211; pomoc\u00ed stromolezeck\u00e9 &hellip; <a href=\"https:\/\/www.kacenikocman.cz\/\">Cel\u00fd p\u0159\u00edsp\u011bvek <span class=\"meta-nav\">&rarr;<\/span><\/a><\/p>\n","protected":false},"author":1,"featured_media":0,"parent":0,"menu_order":0,"comment_status":"closed","ping_status":"closed","template":"","meta":{"footnotes":""},"class_list":["post-4","page","type-page","status-publish","hentry"],"_links":{"self":[{"href":"https:\/\/www.kacenikocman.cz\/index.php?rest_route=\/wp\/v2\/pages\/4","targetHints":{"allow":["GET"]}}],"collection":[{"href":"https:\/\/www.kacenikocman.cz\/index.php?rest_route=\/wp\/v2\/pages"}],"about":[{"href":"https:\/\/www.kacenikocman.cz\/index.php?rest_route=\/wp\/v2\/types\/page"}],"author":[{"embeddable":true,"href":"https:\/\/www.kacenikocman.cz\/index.php?rest_route=\/wp\/v2\/users\/1"}],"replies":[{"embeddable":true,"href":"https:\/\/www.kacenikocman.cz\/index.php?rest_route=%2Fwp%2Fv2%2Fcomments&post=4"}],"version-history":[{"count":7,"href":"https:\/\/www.kacenikocman.cz\/index.php?rest_route=\/wp\/v2\/pages\/4\/revisions"}],"predecessor-version":[{"id":2215,"href":"https:\/\/www.kacenikocman.cz\/index.php?rest_route=\/wp\/v2\/pages\/4\/revisions\/2215"}],"wp:attachment":[{"href":"https:\/\/www.kacenikocman.cz\/index.php?rest_route=%2Fwp%2Fv2%2Fmedia&parent=4"}],"curies":[{"name":"wp","href":"https:\/\/api.w.org\/{rel}","templated":true}]}}