{"id":29,"date":"2017-04-24T20:55:33","date_gmt":"2017-04-24T18:55:33","guid":{"rendered":"https:\/\/jirijursa.cz\/kocman2\/?page_id=29"},"modified":"2019-10-20T18:47:21","modified_gmt":"2019-10-20T16:47:21","slug":"reference","status":"publish","type":"page","link":"https:\/\/www.kacenikocman.cz\/?page_id=29","title":{"rendered":"Reference"},"content":{"rendered":"<ul>\n<li><span style=\"font-family: 'Times New Roman', serif;\">M\u011bstsk\u00e9 lesy Ivan\u010dice<\/span><\/li>\n<li><span style=\"font-family: 'Times New Roman', serif;\">OHL \u017d.S. a.s.<\/span><\/li>\n<li><span style=\"font-family: 'Times New Roman', serif;\">Moravsk\u00fd plynostav a.s.<\/span><\/li>\n<li><span style=\"font-family: 'Times New Roman', serif;\">\u010cD Brno<\/span><\/li>\n<li><span style=\"font-family: 'Times New Roman', serif;\">Spole\u010denstvo vlastn\u00edk\u016f Oslavany<\/span><\/li>\n<li><span style=\"font-family: 'Times New Roman', serif;\">Spole\u010denstvo vlastn\u00edk\u016f Moravsk\u00fd Krumlov<\/span><\/li>\n<li><span style=\"font-family: 'Times New Roman', serif;\">PREFA Oslavany<\/span><\/li>\n<li><span style=\"font-family: 'Times New Roman', serif;\">PROLES s.r.o.<\/span><\/li>\n<li><span style=\"font-family: 'Times New Roman', serif;\">BMTI \u010cR<\/span><\/li>\n<li><span style=\"font-family: 'Times New Roman', serif;\">St\u0159edn\u00ed \u0161kola dopravy a obchodu Moravsk\u00fd Krumlov<\/span><\/li>\n<li><span style=\"font-family: 'Times New Roman', serif;\">Bohemia Sekt s.r.o.<\/span><\/li>\n<li><span style=\"font-family: 'Times New Roman', serif;\">ARPEX Morava s.r.o.<\/span><\/li>\n<li><span style=\"font-family: 'Times New Roman', serif;\">YACHT club Vranovsk\u00e1 p\u0159ehrada z.s.<\/span><\/li>\n<li><span style=\"font-family: 'Times New Roman', serif;\">Obec Bo\u0161ovice<\/span><\/li>\n<li><span style=\"font-family: 'Times New Roman', serif;\">M\u011bsto Moravsk\u00fd Krumlov<\/span><\/li>\n<li><span style=\"font-family: 'Times New Roman', serif;\">M\u011bsto Doln\u00ed Kounice<\/span><\/li>\n<li><span style=\"font-family: 'Times New Roman', serif;\">M\u011bsto Ivan\u010dice<\/span><\/li>\n<li><span style=\"font-family: 'Times New Roman', serif;\">Obec Rudka<\/span><\/li>\n<li><span style=\"font-family: 'Times New Roman', serif;\">Obec Ledce<\/span><\/li>\n<li><span style=\"font-family: 'Times New Roman', serif;\">Obec V\u00e1\u017eany nad Litavou<\/span><\/li>\n<li><span style=\"font-family: 'Times New Roman', serif;\">Obec Kratochvilka<\/span><\/li>\n<li><span style=\"font-family: 'Times New Roman', serif;\">Obec Sobotovice<\/span><\/li>\n<li><span style=\"font-family: 'Times New Roman', serif;\">Obec N\u00ed\u017ekovice<\/span><\/li>\n<li><span style=\"font-family: 'Times New Roman', serif;\">Obec Slavi\u010dky<\/span><\/li>\n<li><span style=\"font-family: 'Times New Roman', serif;\">Obec Lukovany<\/span><\/li>\n<li><span style=\"font-family: 'Times New Roman', serif;\">Krajsk\u00e9 silnice Rosice<\/span><\/li>\n<li><span style=\"font-family: 'Times New Roman', serif;\">Krajsk\u00e9 silnice T\u0159eb\u00ed\u010d<\/span><\/li>\n<li>Nemocnice Hustope\u010de<\/li>\n<li>Mnoho z\u00e1kladn\u00edch a mate\u0159sk\u00fdch \u0161kol v Jihomoravsk\u00e9m kraji<\/li>\n<\/ul>\n<p><strong><span style=\"font-family: 'Times New Roman', serif;\">\u00a0\u00a0\u00a0\u00a0\u00a0\u00a0\u00a0\u00a0\u00a0\u00a0\u00a0 A mnoho dal\u0161\u00edch spokojen\u00fdch z\u00e1kazn\u00edk\u016f<\/span><\/strong><\/p>\n\n\n<p><\/p>\n","protected":false},"excerpt":{"rendered":"<p>M\u011bstsk\u00e9 lesy Ivan\u010dice OHL \u017d.S. a.s. Moravsk\u00fd plynostav a.s. \u010cD Brno Spole\u010denstvo vlastn\u00edk\u016f Oslavany Spole\u010denstvo vlastn\u00edk\u016f Moravsk\u00fd Krumlov PREFA Oslavany PROLES s.r.o. BMTI \u010cR St\u0159edn\u00ed \u0161kola dopravy a obchodu Moravsk\u00fd Krumlov Bohemia Sekt s.r.o. ARPEX Morava s.r.o. YACHT club Vranovsk\u00e1 &hellip; <a href=\"https:\/\/www.kacenikocman.cz\/?page_id=29\">Cel\u00fd p\u0159\u00edsp\u011bvek <span class=\"meta-nav\">&rarr;<\/span><\/a><\/p>\n","protected":false},"author":1,"featured_media":0,"parent":0,"menu_order":0,"comment_status":"closed","ping_status":"closed","template":"","meta":{"footnotes":""},"class_list":["post-29","page","type-page","status-publish","hentry"],"_links":{"self":[{"href":"https:\/\/www.kacenikocman.cz\/index.php?rest_route=\/wp\/v2\/pages\/29","targetHints":{"allow":["GET"]}}],"collection":[{"href":"https:\/\/www.kacenikocman.cz\/index.php?rest_route=\/wp\/v2\/pages"}],"about":[{"href":"https:\/\/www.kacenikocman.cz\/index.php?rest_route=\/wp\/v2\/types\/page"}],"author":[{"embeddable":true,"href":"https:\/\/www.kacenikocman.cz\/index.php?rest_route=\/wp\/v2\/users\/1"}],"replies":[{"embeddable":true,"href":"https:\/\/www.kacenikocman.cz\/index.php?rest_route=%2Fwp%2Fv2%2Fcomments&post=29"}],"version-history":[{"count":5,"href":"https:\/\/www.kacenikocman.cz\/index.php?rest_route=\/wp\/v2\/pages\/29\/revisions"}],"predecessor-version":[{"id":256,"href":"https:\/\/www.kacenikocman.cz\/index.php?rest_route=\/wp\/v2\/pages\/29\/revisions\/256"}],"wp:attachment":[{"href":"https:\/\/www.kacenikocman.cz\/index.php?rest_route=%2Fwp%2Fv2%2Fmedia&parent=29"}],"curies":[{"name":"wp","href":"https:\/\/api.w.org\/{rel}","templated":true}]}}