{"id":257,"date":"2019-10-20T18:50:43","date_gmt":"2019-10-20T16:50:43","guid":{"rendered":"http:\/\/kacenikocman.cz\/?page_id=257"},"modified":"2019-10-20T18:50:43","modified_gmt":"2019-10-20T16:50:43","slug":"povoleni-ke-kaceni","status":"publish","type":"page","link":"https:\/\/www.kacenikocman.cz\/?page_id=257","title":{"rendered":"Povolen\u00ed ke k\u00e1cen\u00ed"},"content":{"rendered":"\n<p><strong>K\u00e1cen\u00ed\nstrom\u016f na zahrad\u011b, nebo v  bytov\u00fdch z\u00e1stavb\u00e1ch bez povolen\u00ed :\nHroz\u00ed stotis\u00edcov\u00e1 pokuta<\/strong><\/p>\n\n\n\n<p>Za\u010d\u00edn\u00e1 jaro a s n\u00edm p\u0159ich\u00e1z\u00ed i nutn\u00e9 k\u00e1cen\u00ed nemocn\u00fdch a\nstar\u00fdch strom\u016f. A\u010dkoli se jedn\u00e1 o v\u00e1\u0161 pozemek, pok\u00e1cet strom\nna sv\u00e9 zahrad\u011b nem\u016f\u017eete \u010dasto jen tak. Co v\u0161echno mus\u00edte\nza\u0159\u00eddit, ne\u017e se pust\u00edte do k\u00e1cen\u00ed?<\/p>\n\n\n\n<p>Velk\u00fd jarn\u00ed \u00faklid m\u016f\u017ee\n\tzahrnovat i zbavov\u00e1n\u00ed se d\u0159evin na zahrad\u011b. A\u0165 u\u017e jde o star\u00fd\n\t\u010di neplod\u00edc\u00ed strom, jeho k\u00e1cen\u00ed vy\u017eaduje dodr\u017een\u00ed \u0159ady\n\tpravidel a \u017e\u00e1dost o povolen\u00ed k likvidaci.&nbsp;<\/p>\n\n\n\n<p>K\u00e1cen\u00ed d\u0159evin m\u00e1 na starost org\u00e1n ochrany p\u0159\u00edrody, kter\u00fdm\n\tje obecn\u00ed \u00fa\u0159ad. Tomu je nutno podat \u017e\u00e1dost o povolen\u00ed k\u00e1cen\u00ed\n\tstromu \u010di jin\u00e9 d\u0159eviny. P\u0159\u00edslu\u0161n\u00fd \u00fa\u0159ad (obec, m\u011bsto) p\u0159i\n\tvyd\u00e1v\u00e1n\u00ed rozhodnut\u00ed posuzuje z\u00e1va\u017enost uveden\u00fdch d\u016fvod\u016f\n\t\u017e\u00e1dosti spolu s estetick\u00fdm a funk\u010dn\u00edm v\u00fdznamem d\u0159eviny,\n\tkterou chcete pok\u00e1cet. Jinak se bude p\u0159istupovat ke star\u00e9 meru\u0148ce\n\ta jinak ke stolet\u00e9mu dubu.<\/p>\n\n\n\n<p>Existuj\u00ed v\u0161ak i v\u00fdjimky, p\u0159i kter\u00fdch nen\u00ed nutno neprodlen\u011b\nk\u00e1cen\u00ed stromu \u00fa\u0159adu ozn\u00e1mit. &#8222;V p\u0159\u00edpadech, kdy d\u0159eviny\nbezprost\u0159edn\u011b ohro\u017euj\u00ed lidsk\u00e9 \u017eivoty, zdrav\u00ed nebo hroz\u00ed-li\n\u0161koda zna\u010dn\u00e9ho rozsahu, je mo\u017en\u00e9 je pok\u00e1cet bez p\u0159\u00edchoz\u00edho\npovolen\u00ed. Tuto skute\u010dnost je v\u0161ak pot\u0159eba do 15 dn\u016f od pok\u00e1cen\u00ed\nnahl\u00e1sit p\u0159\u00edslu\u0161n\u00e9mu org\u00e1nu ochrany p\u0159\u00edrody.<\/p>\n\n\n\n<p>\u017d\u00e1dost o k\u00e1cen\u00ed strom\u016f obecn\u00edmu \u00fa\u0159adu mus\u00ed podat vlastn\u00edk\npozemku, kde se strom nach\u00e1z\u00ed. Pokud je pozemek v pron\u00e1jmu, mus\u00ed\nn\u00e1jemn\u00edk podat \u017e\u00e1dost v\u00fdhradn\u011b se souhlasem majitele.<\/p>\n\n\n\n<p>K\u00e1cen\u00ed strom\u016f s sebou nese i r\u016fzn\u00e9 povinnosti. Obecn\u00ed \u00fa\u0159ad\nm\u016f\u017ee \u017eadateli ud\u011blit povinnost vysadit n\u00e1hradn\u00ed strom \u010di se o\ndanou d\u0159evinu starat, a to nejv\u00fd\u0161e po dobu p\u011bti let.<\/p>\n\n\n\n<p>U&nbsp;n\u011bkter\u00fdch d\u0159evin \u017e\u00e1dost o povolen\u00ed ke k\u00e1cen\u00ed nen\u00ed\nnutn\u00e1, a to nap\u0159\u00edklad u d\u0159evin s obvodem kmene do 80 cm m\u011b\u0159en\u00e9ho\nve v\u00fd\u0161ce 130 cm nad zem\u00ed. \n<\/p>\n\n\n\n<p>Povolen\u00ed na k\u00e1cen\u00ed ovocn\u00fdch d\u0159evin se nevztahuje.<\/p>\n\n\n\n<p>&#8222;Je t\u0159eba m\u00edt na pam\u011bti, \u017ee k\u00e1cet d\u0159eviny bez povolen\u00ed\nje mo\u017en\u00e9 pouze v p\u0159\u00edpad\u011b, \u017ee se nejedn\u00e1 o d\u0159eviny, kter\u00e9\njsou sou\u010d\u00e1st\u00ed stromo\u0159ad\u00ed nebo v\u00fdznamn\u00e9ho krajinn\u00e9ho prvku.<\/p>\n\n\n\n<p>P\u0159i nedodr\u017een\u00ed pravidel p\u0159i k\u00e1cen\u00ed strom\u016f, hroz\u00ed fyzick\u00e9\nosob\u011b pokuta a\u017e ve v\u00fd\u0161i 20 tis\u00edc korun. Pokud se v\u0161ak jedn\u00e1 o\nskupinu d\u0159evin, hroz\u00ed osob\u011b, kter\u00e1 dan\u00e9 stromy pok\u00e1cela, pokuta\na\u017e ve v\u00fd\u0161i 100 tis\u00edc korun. Pok\u00e1c\u00ed-li pr\u00e1vnick\u00e1 osoba\nneopr\u00e1vn\u011bn\u011b d\u0159evinu, pak pokuta m\u016f\u017ee dos\u00e1hnout a\u017e v\u00fd\u0161e 1\nmilionu.<\/p>\n","protected":false},"excerpt":{"rendered":"<p>K\u00e1cen\u00ed strom\u016f na zahrad\u011b, nebo v bytov\u00fdch z\u00e1stavb\u00e1ch bez povolen\u00ed : Hroz\u00ed stotis\u00edcov\u00e1 pokuta Za\u010d\u00edn\u00e1 jaro a s n\u00edm p\u0159ich\u00e1z\u00ed i nutn\u00e9 k\u00e1cen\u00ed nemocn\u00fdch a star\u00fdch strom\u016f. A\u010dkoli se jedn\u00e1 o v\u00e1\u0161 pozemek, pok\u00e1cet strom na sv\u00e9 zahrad\u011b nem\u016f\u017eete \u010dasto &hellip; <a href=\"https:\/\/www.kacenikocman.cz\/?page_id=257\">Cel\u00fd p\u0159\u00edsp\u011bvek <span class=\"meta-nav\">&rarr;<\/span><\/a><\/p>\n","protected":false},"author":2,"featured_media":0,"parent":0,"menu_order":0,"comment_status":"closed","ping_status":"closed","template":"","meta":{"footnotes":""},"class_list":["post-257","page","type-page","status-publish","hentry"],"_links":{"self":[{"href":"https:\/\/www.kacenikocman.cz\/index.php?rest_route=\/wp\/v2\/pages\/257","targetHints":{"allow":["GET"]}}],"collection":[{"href":"https:\/\/www.kacenikocman.cz\/index.php?rest_route=\/wp\/v2\/pages"}],"about":[{"href":"https:\/\/www.kacenikocman.cz\/index.php?rest_route=\/wp\/v2\/types\/page"}],"author":[{"embeddable":true,"href":"https:\/\/www.kacenikocman.cz\/index.php?rest_route=\/wp\/v2\/users\/2"}],"replies":[{"embeddable":true,"href":"https:\/\/www.kacenikocman.cz\/index.php?rest_route=%2Fwp%2Fv2%2Fcomments&post=257"}],"version-history":[{"count":1,"href":"https:\/\/www.kacenikocman.cz\/index.php?rest_route=\/wp\/v2\/pages\/257\/revisions"}],"predecessor-version":[{"id":258,"href":"https:\/\/www.kacenikocman.cz\/index.php?rest_route=\/wp\/v2\/pages\/257\/revisions\/258"}],"wp:attachment":[{"href":"https:\/\/www.kacenikocman.cz\/index.php?rest_route=%2Fwp%2Fv2%2Fmedia&parent=257"}],"curies":[{"name":"wp","href":"https:\/\/api.w.org\/{rel}","templated":true}]}}